{"id":6013,"date":"2026-04-15T19:31:57","date_gmt":"2026-04-15T19:31:57","guid":{"rendered":"https:\/\/activitateafara.ro\/af\/?page_id=6013"},"modified":"2026-04-15T19:59:20","modified_gmt":"2026-04-15T19:59:20","slug":"pentru-scoli","status":"publish","type":"page","link":"https:\/\/activitateafara.ro\/af\/pentru-scoli\/","title":{"rendered":"PENTRU SCOLI"},"content":{"rendered":"<div class=\"wpb-content-wrapper\"><p>[vc_row][vc_column]\n\t\t\t\t<p class=\"rs-p-wp-fix\"><\/p>\n\t\t\t\t<sr7-module data-alias=\"afterschool-1\" data-id=\"12\" id=\"SR7_12_1\" class=\"rs-ov-hidden\" data-version=\"6.7.21\">\n\t\t\t\t\t<sr7-adjuster><\/sr7-adjuster>\n\t\t\t\t\t<sr7-content>\n\t\t\t\t\t\t<sr7-slide id=\"SR7_12_1-44\" data-key=\"44\">\n\t\t\t\t\t\t\t<sr7-bg id=\"SR7_12_1-44-8\" class=\"sr7-layer\"><noscript><img decoding=\"async\" src=\"https:\/\/activitateafara.ro\/af\/wp-content\/uploads\/2026\/04\/Messenger_creation_24FAA8FE-33A2-4077-A6E9-791A295E356F-scaled.jpeg\" alt=\"\" title=\"Messenger_creation_24FAA8FE-33A2-4077-A6E9-791A295E356F\"><\/noscript><\/sr7-bg>\n\t\t\t\t\t\t\t<sr7-txt id=\"SR7_12_1-44-7\" class=\"sr7-layer\"><\/sr7-txt>\n\t\t\t\t\t\t<\/sr7-slide>\n\t\t\t\t\t\t<sr7-slide id=\"SR7_12_1-47\" data-key=\"47\">\n\t\t\t\t\t\t<\/sr7-slide>\n\t\t\t\t\t<\/sr7-content>\n\t\t\t\t\t<image_lists style=\"display:none\">\n\t\t\t\t\t\t<img data-src=\"\/\/activitateafara.ro\/af\/wp-content\/uploads\/2026\/04\/Messenger_creation_24FAA8FE-33A2-4077-A6E9-791A295E356F-scaled.jpeg\" data-libid=\"6018\" data-lib=\"medialibrary\" title=\"Messenger_creation_24FAA8FE-33A2-4077-A6E9-791A295E356F\" width=\"0\" height=\"0\" data-dbsrc=\"Ly9hY3Rpdml0YXRlYWZhcmEucm8vYWYvd3AtY29udGVudC91cGxvYWRzLzIwMjYvMDQvTWVzc2VuZ2VyX2NyZWF0aW9uXzI0RkFBOEZFLTMzQTItNDA3Ny1BNkU5LTc5MUEyOTVFMzU2Ri1zY2FsZWQuanBlZw==\"\/>\n\t\t\t\t\t<\/image_lists>\n\t\t\t\t<\/sr7-module>\n\t\t\t\t<script>\n\t\t\t\t\tSR7.PMH ??={}; SR7.PMH[\"SR7_12_1\"] = {cn:0,state:false,fn: function() { if (_tpt!==undefined && _tpt.prepareModuleHeight !== undefined) {  _tpt.prepareModuleHeight({id:\"SR7_12_1\",el:[600,600,768,960,720],type:'standard',shdw:'0',gh:[600,600,559,425,262],gw:[1100,1100,1024,778,480],vpt:['-100px'],size:{fullWidth:true, fullHeight:false},mh:'0',onh:0,onw:0,bg:{color:'{\"orig\":\"transparent\",\"type\":\"solid\",\"string\":\"transparent\"}'},plType:'-1',plColor:'#ff4e31'});   SR7.PMH[\"SR7_12_1\"].state=true;} else if((SR7.PMH[\"SR7_12_1\"].cn++)<100)\tsetTimeout( SR7.PMH[\"SR7_12_1\"].fn,19);}};SR7.PMH[\"SR7_12_1\" ].fn();\n\t\t\t\t<\/script>\n[vc_row_inner][vc_column_inner][vc_empty_space height=&#8221;20px&#8221;]<h1 style=\"color:;line-height:1.7;\" class=\"ztl-mobile-center ztl-main-font ztl-center ztl-font-bold\">PENTRU \u0218COLI<\/h1><h5 style=\"color:;line-height:1.3;\" class=\"ztl-mobile-center ztl-accent-font ztl-center ztl-font-light\">SERVICII DEDICATE CLASELOR DE ELEVI, DE TOATE V\u00c2RSTELE<\/h5>[vc_empty_space height=&#8221;20px&#8221;][\/vc_column_inner][\/vc_row_inner][\/vc_column][\/vc_row][vc_row full_width=&#8221;stretch_row&#8221; css=&#8221;.vc_custom_1493634132991{background-color: #304529 !important;}&#8221;][vc_column css=&#8221;.vc_custom_1497212599533{padding-top: 0px !important;padding-bottom: 0px !important;}&#8221;]<div class=\"ztl-announcement  \">\r\n            <div class=\"row table-row\">\r\n                <div class=\"ztl-col col-lg-9 col-md-9 col-sm-9 col-xs-12 \">\r\n                    <div class=\"ztl-flex ztl-mobile-container\">\r\n                        <div class=\"ztl-icon left\" style=\"background-color:#ffffff\">\r\n                            <span class=\"entypo-icon entypo-icon-graduation-cap\" style=\"color:#ffd230\"><\/span>\r\n                        <\/div>\r\n                        <div class=\"content\" style=\"color:#ffffff\">\r\n                            <div class=\"line-1\">\r\n                                <h3>EVENIMENTE DE SF\u00c2R\u0218IT DE AN \u0218COLAR<\/h3>\r\n                            <\/div>\r\n                            <div class=\"line-2\">\r\n                             Fie ca vre\u021bi \u0219\u0103 organiza\u021bi o serbare, un banchet sau o reuniune cu p\u0103rin\u021bii \u0219i copiii, noi v\u0103 oferim acces exclusiv la o loca\u021bie preg\u0103tit\u0103 pentru astfel de evenimente\r\n                            <\/div>\r\n                        <\/div>\r\n                    <\/div>\r\n                <\/div>\r\n                <div class=\"ztl-action ztl-col col-lg-3 col-md-3 col-sm-3 col-xs-12 \">\r\n                    <div class=\"ztl-button-two\"><a href=\"https:\/\/activitateafara.ro\/af\/wp-content\/uploads\/2026\/04\/Evenimente-sf-de-an-compressed.pdf\" target=\"_blank\">VEZI OFERTA<\/a><\/div>\r\n                <\/div>\r\n            <\/div>\r\n\t<\/div>[\/vc_column][\/vc_row][vc_row css=&#8221;.vc_custom_1494707351076{margin-bottom: -50px !important;}&#8221;][vc_column][vc_empty_space height=&#8221;40px&#8221;][\/vc_column][\/vc_row][vc_row full_width=&#8221;stretch_row&#8221; css=&#8221;.vc_custom_1494881170341{margin-bottom: -50px !important;background-color: #304529 !important;}&#8221;][vc_column css=&#8221;.vc_custom_1480863659858{margin-top: 0px !important;padding-top: 0px !important;}&#8221;][vc_empty_space height=&#8221;10px&#8221;]<div class=\"ztl-announcement  \">\r\n            <div class=\"row table-row\">\r\n                <div class=\"ztl-col col-lg-9 col-md-9 col-sm-9 col-xs-12 \">\r\n                    <div class=\"ztl-flex ztl-mobile-container\">\r\n                        <div class=\"ztl-icon left\" style=\"background-color:#ffffff\">\r\n                            <span class=\"entypo-icon entypo-icon-trophy\" style=\"color:#ffd230\"><\/span>\r\n                        <\/div>\r\n                        <div class=\"content\" style=\"color:#ffffff\">\r\n                            <div class=\"line-1\">\r\n                                <h3>ACTIVIT\u0102\u021aI DE SF\u00c2R\u0218IT DE AN \u0218COLAR<\/h3>\r\n                            <\/div>\r\n                            <div class=\"line-2\">\r\n                             Organiz\u0103m experien\u021be inedite pentru clase de elevi, chiar aici, \u00een Timi\u0219oara\r\n                            <\/div>\r\n                        <\/div>\r\n                    <\/div>\r\n                <\/div>\r\n                <div class=\"ztl-action ztl-col col-lg-3 col-md-3 col-sm-3 col-xs-12 \">\r\n                    <div class=\"ztl-button-two\"><a href=\"https:\/\/activitateafara.ro\/af\/wp-content\/uploads\/2026\/04\/Aventuri-de-sf-an-compressed.pdf\" target=\"_blank\">VEZI PROPUNERILE<\/a><\/div>\r\n                <\/div>\r\n            <\/div>\r\n\t<\/div>[vc_empty_space height=&#8221;10px&#8221;][\/vc_column][\/vc_row][vc_row][vc_column][vc_empty_space height=&#8221;50px&#8221;][\/vc_column][\/vc_row][vc_row full_width=&#8221;stretch_row&#8221; css=&#8221;.vc_custom_1494881170341{margin-bottom: -50px !important;background-color: #304529 !important;}&#8221;][vc_column css=&#8221;.vc_custom_1480863659858{margin-top: 0px !important;padding-top: 0px !important;}&#8221;][vc_empty_space height=&#8221;10px&#8221;]<div class=\"ztl-announcement  \">\r\n            <div class=\"row table-row\">\r\n                <div class=\"ztl-col col-lg-9 col-md-9 col-sm-9 col-xs-12 \">\r\n                    <div class=\"ztl-flex ztl-mobile-container\">\r\n                        <div class=\"ztl-icon left\" style=\"background-color:#ffffff\">\r\n                            <span class=\"flaticon-nature\" style=\"color:#ffd230\"><\/span>\r\n                        <\/div>\r\n                        <div class=\"content\" style=\"color:#ffffff\">\r\n                            <div class=\"line-1\">\r\n                                <h3>\u0218COALA ALTFEL \/ S\u0102PT\u0102M\u00c2NA VERDE<\/h3>\r\n                            <\/div>\r\n                            <div class=\"line-2\">\r\n                             Asigur\u0103m transportul dus-\u00eentors de la \u0219coal\u0103 \u0219i organiz\u0103m activit\u0103\u021bi recreativ-educative \u00een natur\u0103\r\n                            <\/div>\r\n                        <\/div>\r\n                    <\/div>\r\n                <\/div>\r\n                <div class=\"ztl-action ztl-col col-lg-3 col-md-3 col-sm-3 col-xs-12 \">\r\n                    <div class=\"ztl-button-two\"><a href=\"\" target=\"_self\">CONTACTEAZ\u0102-NE<\/a><\/div>\r\n                <\/div>\r\n            <\/div>\r\n\t<\/div>[vc_empty_space height=&#8221;50px&#8221;][vc_empty_space height=&#8221;50px&#8221;][\/vc_column][\/vc_row][vc_row][vc_column][vc_empty_space][\/vc_column][\/vc_row]<\/p>\n<\/div>","protected":false},"excerpt":{"rendered":"<p>[vc_row][vc_column][vc_row_inner][vc_column_inner][vc_empty_space height=&#8221;20px&#8221;][vc_empty_space height=&#8221;20px&#8221;][\/vc_column_inner][\/vc_row_inner][\/vc_column][\/vc_row][vc_row full_width=&#8221;stretch_row&#8221; css=&#8221;.vc_custom_1493634132991{background-color: #304529 !important;}&#8221;][vc_column css=&#8221;.vc_custom_1497212599533{padding-top: 0px !important;padding-bottom: 0px !important;}&#8221;][\/vc_column][\/vc_row][vc_row css=&#8221;.vc_custom_1494707351076{margin-bottom: -50px !important;}&#8221;][vc_column][vc_empty_space height=&#8221;40px&#8221;][\/vc_column][\/vc_row][vc_row full_width=&#8221;stretch_row&#8221; css=&#8221;.vc_custom_1494881170341{margin-bottom: -50px !important;background-color: #304529 !important;}&#8221;][vc_column css=&#8221;.vc_custom_1480863659858{margin-top: 0px !important;padding-top: 0px !important;}&#8221;][vc_empty_space height=&#8221;10px&#8221;][vc_empty_space height=&#8221;10px&#8221;][\/vc_column][\/vc_row][vc_row][vc_column][vc_empty_space height=&#8221;50px&#8221;][\/vc_column][\/vc_row][vc_row full_width=&#8221;stretch_row&#8221; css=&#8221;.vc_custom_1494881170341{margin-bottom: -50px !important;background-color: #304529 !important;}&#8221;][vc_column css=&#8221;.vc_custom_1480863659858{margin-top: 0px !important;padding-top: 0px !important;}&#8221;][vc_empty_space height=&#8221;10px&#8221;][vc_empty_space height=&#8221;50px&#8221;][vc_empty_space height=&#8221;50px&#8221;][\/vc_column][\/vc_row][vc_row][vc_column][vc_empty_space][\/vc_column][\/vc_row]<\/p>\n","protected":false},"author":1,"featured_media":0,"parent":0,"menu_order":0,"comment_status":"closed","ping_status":"closed","template":"","meta":{"om_disable_all_campaigns":false,"_monsterinsights_skip_tracking":false,"_monsterinsights_sitenote_active":false,"_monsterinsights_sitenote_note":"","_monsterinsights_sitenote_category":0,"footnotes":""},"class_list":["post-6013","page","type-page","status-publish","hentry"],"aioseo_notices":[],"_links":{"self":[{"href":"https:\/\/activitateafara.ro\/af\/wp-json\/wp\/v2\/pages\/6013","targetHints":{"allow":["GET"]}}],"collection":[{"href":"https:\/\/activitateafara.ro\/af\/wp-json\/wp\/v2\/pages"}],"about":[{"href":"https:\/\/activitateafara.ro\/af\/wp-json\/wp\/v2\/types\/page"}],"author":[{"embeddable":true,"href":"https:\/\/activitateafara.ro\/af\/wp-json\/wp\/v2\/users\/1"}],"replies":[{"embeddable":true,"href":"https:\/\/activitateafara.ro\/af\/wp-json\/wp\/v2\/comments?post=6013"}],"version-history":[{"count":6,"href":"https:\/\/activitateafara.ro\/af\/wp-json\/wp\/v2\/pages\/6013\/revisions"}],"predecessor-version":[{"id":6022,"href":"https:\/\/activitateafara.ro\/af\/wp-json\/wp\/v2\/pages\/6013\/revisions\/6022"}],"wp:attachment":[{"href":"https:\/\/activitateafara.ro\/af\/wp-json\/wp\/v2\/media?parent=6013"}],"curies":[{"name":"wp","href":"https:\/\/api.w.org\/{rel}","templated":true}]}}