{"id":5956,"date":"2026-01-22T13:42:24","date_gmt":"2026-01-22T13:42:24","guid":{"rendered":"https:\/\/activitateafara.ro\/af\/?page_id=5956"},"modified":"2026-01-22T16:16:10","modified_gmt":"2026-01-22T16:16:10","slug":"angajam","status":"publish","type":"page","link":"https:\/\/activitateafara.ro\/af\/angajam\/","title":{"rendered":"ANGAJ\u0102M"},"content":{"rendered":"<div class=\"wpb-content-wrapper\"><p>[vc_row][vc_column][vc_custom_heading text=&#8221;ANGAJ\u0102M&#8221; font_container=&#8221;tag:h1|font_size:45|text_align:center&#8221; use_theme_fonts=&#8221;yes&#8221; css=&#8221;&#8221;][vc_separator color=&#8221;green&#8221; border_width=&#8221;3&#8243; css=&#8221;&#8221;][vc_single_image image=&#8221;5958&#8243; img_size=&#8221;full&#8221; alignment=&#8221;center&#8221; css=&#8221;&#8221;][\/vc_column][\/vc_row][vc_row][vc_column][\/vc_column][\/vc_row][vc_row][vc_column][vc_custom_heading text=&#8221;1. Instructor\/educator activit\u0103\u021bi recreative \u0219i educative &#8211; FULLTIME&#8221; font_container=&#8221;tag:h2|text_align:left|color:%23111111&#8243; use_theme_fonts=&#8221;yes&#8221; css=&#8221;&#8221;][\/vc_column][\/vc_row][vc_row][vc_column][vc_column_text css=&#8221;&#8221;]Daca ai spirit de entertainer, i\u021bi place s\u0103 te joci \u0219i s\u0103 petreci mult timp \u00een natur\u0103 atunci e\u0219ti persoana potrivit\u0103 pentru acest job.<\/p>\n<p><em><strong>Cerin\u021be:<\/strong><\/em><\/p><ul class=\"wp-block-list\">\n<li>experienta de lucru cu grupuri de copii cu varste cuprinse intre 6 si 13 ani<\/li>\n<li>atitudine pozitiva<\/li>\n<li>persoana creativa, inventiva si energica (mediu de lucru activ in care vei alerga, vei face drumetii, te vei juca, te vei da cu bicicleta, etc.)<\/li>\n<li>stie cum sa coordoneze grupul de copii si sa se faca ascultat de acesta prin metode<\/li>\n<li>carnet de conducere categoria B<\/li>\n<li>sa iti placa sa te joci, sa inventezi jocuri si sa ai initiativa<\/li>\n<li>empatic, rabdator<\/li>\n<\/ul>\n<p><em><strong>Responsabilitati:<\/strong><\/em><\/p><ul class=\"wp-block-list\">\n<li>organizeaza si implementeaza programe recreative \u0219i educative in aer liber pentru grupuri de 5 &#8211; 20 de copii<\/li>\n<li>supravegheaza si se implica activ in programele desfasurate (se joaca cot la cot cu ei)<\/li>\n<li>ofera asistenta atunci cand copiii au nevoie de ajutor<\/li>\n<li>rezolva pasnic conflictele aparute intre copii<\/li>\n<li>strange echipamentele si materialele folosite in activitati la sfarsitul programului si lasa ordine in spatiul folosit<\/li>\n<li>se deplaseaza impreuna cu copiii in diferite locatii naturale din si de langa Timisoara pentru a desfasura activitati in natura: drumetii, plimbari cu bicicletele, experimente, zile la plaja, constructii de adaposturi, activitati de observare a naturii, balaceala in rauri,etc.<\/li>\n<li>raspunde de siguranta copiilor pe parcursul activitatilor. Are grija sa nu puna copiii in pericol in timpul activitatilor desfasurate<\/li>\n<li>pe perioada anului scolar preia copii de la scoala<\/li>\n<li>face poze cu telefonul in timpul activitatilor atunci cand se poate acest lucru<\/li>\n<li>comunica cu parintii pe grupul de What&#8217;s App atunci cand este nevoie, dar nu dupa programul de lucru<\/li>\n<\/ul>\n<p><em><strong>Programul de lucru:<\/strong><\/em><\/p><ul class=\"wp-block-list\">\n<li>in timpul anului scolar lucram in program de afterschool, de cand termina copiii scoala si pana la ora 18:00. In general programul este 11:40 &#8211; 18:00 insa este posibil ca programul sa mai fluctueze (ex: poate sunt copii care termina scoala la 11:00)<\/li>\n<li>in timpul vacantelor programul de lucru este 8:30 &#8211; 17:30. Si aici este posibil ca programul sa fluctueze in unele zile (ex: daca sunt copii care trebuie lasati in grija noastra de la ora 8:00 ne vom organiza sa venim pe rand mai repede la lucru)<\/li>\n<li>optional poti participa si ca instructor in excursiile organizate in weekenduri<\/li>\n<\/ul>\n<p><em><strong>Beneficii:<\/strong><\/em><\/p><ul class=\"wp-block-list\">\n<li>vei primi un salariu pe masura competentelor tale<\/li>\n<li>acces la cursuri \u0219i traininguri despre \u00eenv\u0103\u021barea experen\u021bial\u0103 \u0219i educa\u021bia \u00een natur\u0103<\/li>\n<li>posibilit\u0103\u021bi de c\u00e2\u0219tiguri extra<\/li>\n<li>colegi faini, locatie intotdeauna aproape de natura si departe de aglomeratia urbana<\/li>\n<\/ul>\n<p><em>Pentru a aplica la acest post trimite CV-ul prin e-mail la\u00a0<strong>contact@activitateafara.ro<\/strong> cu subiectul &#8220;Instructor&#8221; sau suna la 0773866053<\/em><\/p>\n<p>[\/vc_column_text][\/vc_column][\/vc_row][vc_row][vc_column][vc_separator color=&#8221;green&#8221; border_width=&#8221;3&#8243; css=&#8221;&#8221;][\/vc_column][\/vc_row][vc_row][vc_column][vc_single_image image=&#8221;5959&#8243; img_size=&#8221;full&#8221; alignment=&#8221;center&#8221; css=&#8221;&#8221;][vc_custom_heading text=&#8221;2. \u00cendrum\u0103tor teme afterschool &#8211; PART TIME&#8221; font_container=&#8221;tag:h2|text_align:left|color:%23111111&#8243; use_theme_fonts=&#8221;yes&#8221; css=&#8221;&#8221;][vc_column_text css=&#8221;&#8221;]Cautam o persoana punctuala, cu drag de copii si experien\u021b\u0103 \u00een \u00eenv\u0103\u021b\u0103m\u00e2nt care sa supravegheze si sa ajute copiii la efectuarea temelor in programul de afterschool.<\/p>\n<p><strong>Cerinte:<\/strong><\/p>\n<p>-experienta in ajutarea copiilor la efectuarea temelor<br \/>\n-persoana apropiata de copii, atitudine pozitiva, punctuala, ordonata<br \/>\n-persoana rabdatoare si calma, capabila sa explice copiilor ce nu au inteles la teme.<br \/>\n&#8211; disponibila\u00a0 zilnic de luni pana joi, in intervalul orar 13:00 &#8211; 16:00 .<\/p>\n<p>.<\/p>\n<p><strong>Responsabilitati:<\/strong><\/p><ul class=\"wp-block-list\">\n<li>preluarea grupului de copii din spa\u021biul afterschoolului impreuna cu ghiozdanul si cele necesare pentru efectuarea temelor in sala de clasa<\/li>\n<li>coordonarea si supravegherea activitatii de efectuare a temelor in programul de afterschool<\/li>\n<li>explica (nu dicteaza rezultatele) copiilor ceea ce nu inteleg la teme si se asigura ca acestia au inteles<\/li>\n<li>verifica la sfarsit temele copiilor. Explica si corecteaza impreuna cu copilul acolo unde gaseste greseli<\/li>\n<li>se asigura ca toti copiii si-au terminat de facut temele<\/li>\n<li>lucreaza cu un grup de aproximativ 10 copii<\/li>\n<li>strange si lasa curat in sala de clasa dupa terminarea programului<\/li>\n<\/ul>\n<p><strong>Programul de lucru:<\/strong><\/p>\n<p>&#8211; de luni pana joi, interval orar 13:00 &#8211; 16:00 (sau pana cand isi termina toti copiii temele), \u00een timpul anului \u0219colar<\/p>\n<p>&#8211; in zilele libere nationale si vacante scolare nu se lucreaza<\/p>\n<p>Te asteptam in echipa noastra!<\/p>\n<p><em>Pentru a aplica la acest post trimite CV-ul prin e-mail la\u00a0<strong>contact@activitateafara.ro<\/strong> cu subiectul &#8220;Teme&#8221; sau suna la 0773866053<\/em><\/p>\n<p>[\/vc_column_text][\/vc_column][\/vc_row]<\/p><\/div>","protected":false},"excerpt":{"rendered":"<p>[vc_row][vc_column][vc_custom_heading text=&#8221;ANGAJ\u0102M&#8221; font_container=&#8221;tag:h1|font_size:45|text_align:center&#8221; use_theme_fonts=&#8221;yes&#8221; css=&#8221;&#8221;][vc_separator color=&#8221;green&#8221; border_width=&#8221;3&#8243; css=&#8221;&#8221;][vc_single_image image=&#8221;5958&#8243; img_size=&#8221;full&#8221; alignment=&#8221;center&#8221; css=&#8221;&#8221;][\/vc_column][\/vc_row][vc_row][vc_column][\/vc_column][\/vc_row][vc_row][vc_column][vc_custom_heading text=&#8221;1. Instructor\/educator activit\u0103\u021bi recreative \u0219i educative &#8211; FULLTIME&#8221; font_container=&#8221;tag:h2|text_align:left|color:%23111111&#8243; use_theme_fonts=&#8221;yes&#8221; css=&#8221;&#8221;][\/vc_column][\/vc_row][vc_row][vc_column][vc_column_text css=&#8221;&#8221;]Daca ai spirit de entertainer, i\u021bi place s\u0103 te joci \u0219i s\u0103 petreci mult timp \u00een natur\u0103 atunci e\u0219ti persoana potrivit\u0103 pentru acest job. Cerin\u021be: experienta de lucru cu grupuri de copii [&hellip;]<\/p>\n","protected":false},"author":1,"featured_media":0,"parent":0,"menu_order":0,"comment_status":"closed","ping_status":"closed","template":"","meta":{"om_disable_all_campaigns":false,"_monsterinsights_skip_tracking":false,"_monsterinsights_sitenote_active":false,"_monsterinsights_sitenote_note":"","_monsterinsights_sitenote_category":0,"footnotes":""},"class_list":["post-5956","page","type-page","status-publish","hentry"],"aioseo_notices":[],"_links":{"self":[{"href":"https:\/\/activitateafara.ro\/af\/wp-json\/wp\/v2\/pages\/5956","targetHints":{"allow":["GET"]}}],"collection":[{"href":"https:\/\/activitateafara.ro\/af\/wp-json\/wp\/v2\/pages"}],"about":[{"href":"https:\/\/activitateafara.ro\/af\/wp-json\/wp\/v2\/types\/page"}],"author":[{"embeddable":true,"href":"https:\/\/activitateafara.ro\/af\/wp-json\/wp\/v2\/users\/1"}],"replies":[{"embeddable":true,"href":"https:\/\/activitateafara.ro\/af\/wp-json\/wp\/v2\/comments?post=5956"}],"version-history":[{"count":4,"href":"https:\/\/activitateafara.ro\/af\/wp-json\/wp\/v2\/pages\/5956\/revisions"}],"predecessor-version":[{"id":5964,"href":"https:\/\/activitateafara.ro\/af\/wp-json\/wp\/v2\/pages\/5956\/revisions\/5964"}],"wp:attachment":[{"href":"https:\/\/activitateafara.ro\/af\/wp-json\/wp\/v2\/media?parent=5956"}],"curies":[{"name":"wp","href":"https:\/\/api.w.org\/{rel}","templated":true}]}}